{"id":1614,"date":"2025-12-10T15:10:28","date_gmt":"2025-12-10T15:10:28","guid":{"rendered":"https:\/\/infinityeffects.es\/politica-de-privacidad\/"},"modified":"2026-02-18T16:22:00","modified_gmt":"2026-02-18T16:22:00","slug":"politica-de-privacidad","status":"publish","type":"page","link":"https:\/\/infinityeffects.es\/es\/politica-de-privacidad\/","title":{"rendered":"Pol\u00edtica de privacidad"},"content":{"rendered":"\n<div class=\"gb-element-4c775e88\">\n<h1 class=\"gb-text\">Pol\u00edtica de privacidad<\/h1>\n\n\n\n<p class=\"gb-text\"><strong>Fecha de actualizaci\u00f3n<\/strong>: 18\/02\/2026<\/p>\n\n\n\n<h2 class=\"gb-text\">1. Introducci\u00f3n<\/h2>\n\n\n\n<p class=\"gb-text\">Bienvenido a . Tu privacidad es muy importante para nosotros<code>Infinity Effects<\/code>.  <code><code>Infinity Effects<\/code><\/code>  Spain S.L (\u00abnosotros\u00bb, \u00abnos\u00bb o \u00abnuestro\u00bb) se compromete a proteger tus datos personales y a respetar tu privacidad. Esta Pol\u00edtica de Privacidad explica c\u00f3mo recogemos, utilizamos, almacenamos y protegemos tus datos personales cuando visitas nuestro sitio web <a href=\"https:\/\/infinityeffects.es\/es\/\" data-type=\"page\" data-id=\"32\">https:\/\/infinityeffects.es\/<\/a> (el \u00abServicio\u00bb). Tambi\u00e9n describe tus derechos en relaci\u00f3n con tus datos personales.  <\/p>\n\n\n\n<p class=\"gb-text\">Esta pol\u00edtica se rige por el Reglamento General de Protecci\u00f3n de Datos (UE) 2016\/679 (GDPR) y la Ley Org\u00e1nica 3\/2018, de 5 de diciembre, de Protecci\u00f3n de Datos Personales y garant\u00eda de los derechos digitales (LOPDGDD).<\/p>\n\n\n\n<h2 class=\"gb-text\">2. Controlador de datos<\/h2>\n\n\n\n<p class=\"gb-text\">La entidad responsable del tratamiento de tus datos personales es:<\/p>\n\n\n\n<ul class=\"wp-block-list\">\n<li><strong>Nombre de la empresa:<\/strong> <code>Infinity Effects Spain SL<\/code><\/li>\n\n\n\n<li><strong>N\u00famero de registro de la empresa (CIF\/NIF):<\/strong> <code>E19455187<\/code><\/li>\n\n\n\n<li><strong>Direcci\u00f3n:<\/strong> <code>Calle Denis Papin, 9 Industrial estate<\/code> La Pedrera, 03720 Benissa Alicante Espa\u00f1a<\/li>\n\n\n\n<li><strong>Correo electr\u00f3nico:<\/strong> <code><a href=\"mailto:info@infinity-effects.es\">info@infinity-effects.es<\/a><\/code><\/li>\n<\/ul>\n\n\n\n<h2 class=\"gb-text\">3. Qu\u00e9 datos personales recogemos<\/h2>\n\n\n\n<ul class=\"wp-block-list\">\n<li><strong>Datos de identidad:<\/strong> Incluye nombre, apellidos, nombre de usuario o identificador similar.<\/li>\n\n\n\n<li><strong>Datos de contacto:<\/strong> Incluye la direcci\u00f3n de facturaci\u00f3n, la direcci\u00f3n de entrega, la direcci\u00f3n de correo electr\u00f3nico y los n\u00fameros de tel\u00e9fono.<\/li>\n\n\n\n<li><strong>Datos t\u00e9cnicos:<\/strong> Incluye la direcci\u00f3n del Protocolo de Internet (IP), tus datos de acceso, tipo y versi\u00f3n del navegador, configuraci\u00f3n y ubicaci\u00f3n de la zona horaria, tipos y versiones de los complementos del navegador, sistema operativo y plataforma, y otras tecnolog\u00edas de los dispositivos que utilizas para acceder a este sitio web.<\/li>\n\n\n\n<li><strong>Datos de uso:<\/strong> Incluye informaci\u00f3n sobre c\u00f3mo utilizas nuestro sitio web, productos y servicios.<\/li>\n\n\n\n<li><strong>Datos de marketing y comunicaciones:<\/strong> Incluye tus preferencias para recibir marketing nuestro y de terceros, as\u00ed como tus preferencias de comunicaci\u00f3n.<\/li>\n<\/ul>\n\n\n\n<h2 class=\"gb-text\">4. Finalidad y fundamento jur\u00eddico del tratamiento de tus datos<\/h2>\n\n\n\n<p class=\"gb-text\">Utilizamos tus datos personales para los fines y sobre las bases legales que se describen a continuaci\u00f3n, de conformidad con <strong>el art\u00edculo 6 de la Ley Org\u00e1nica de Protecci\u00f3n de Datos de Car\u00e1cter<\/strong> Personal y el GDPR.<\/p>\n\n\n\n<figure class=\"wp-block-table\"><table class=\"has-fixed-layout\"><thead><tr><th>Finalidad del tratamiento<\/th><th>Tipo de datos<\/th><th>Base jur\u00eddica del tratamiento<\/th><\/tr><\/thead><tbody><tr><td>Para registrarte como nuevo cliente y prestarte nuestros servicios.<\/td><td>Identidad, Contacto<\/td><td>Cumplimiento de un contrato contigo.<\/td><\/tr><tr><td>Para gestionar nuestra relaci\u00f3n contigo (por ejemplo, atenci\u00f3n al cliente).<\/td><td>Identidad, Contacto, Uso<\/td><td>Cumplimiento de un contrato, y nuestro inter\u00e9s leg\u00edtimo de mantener actualizados nuestros registros y estudiar c\u00f3mo utilizan los clientes nuestros servicios.<\/td><\/tr><tr><td>Para enviarte comunicaciones de marketing.<\/td><td>Identidad, Contacto, Marketing y Comunicaci\u00f3n<\/td><td>Tu consentimiento expl\u00edcito. Puedes retirar tu consentimiento en cualquier momento. En algunos casos, tal y como establece la <a href=\"https:\/\/www.poderjudicial.es\/search\/TS\/openDocument\/eae9143d898d546a\/20210112\" target=\"_blank\" rel=\"noreferrer noopener\">Sentencia 1620\/2020 del Tribunal Supremo<\/a>, podemos ampararnos en nuestro inter\u00e9s leg\u00edtimo para realizar marketing directo, respetando siempre tu derecho de oposici\u00f3n.  <\/td><\/tr><tr><td>Para mejorar nuestro sitio web, productos y servicios.<\/td><td>T\u00e9cnica, Uso<\/td><td>Nuestro inter\u00e9s leg\u00edtimo para definir tipos de clientes para nuestros productos y servicios, para mantener nuestro sitio web actualizado y relevante, y para desarrollar nuestro negocio.<\/td><\/tr><tr><td>Para cumplir obligaciones legales o reglamentarias.<\/td><td>Identidad, Contacto, T\u00e9cnico<\/td><td>Cumplimiento de una obligaci\u00f3n legal.<\/td><\/tr><\/tbody><\/table><\/figure>\n\n\n\n<h2 class=\"gb-text\">5. Conservaci\u00f3n de datos<\/h2>\n\n\n\n<p class=\"gb-text\">S\u00f3lo conservaremos tus datos personales durante el tiempo necesario para cumplir los fines para los que los recopilamos, incluidos los fines de satisfacer cualquier requisito legal, contable o de elaboraci\u00f3n de informes.<\/p>\n\n\n\n<p class=\"gb-text\">Para determinar el periodo de conservaci\u00f3n adecuado, tenemos en cuenta la cantidad, la naturaleza y la sensibilidad de los datos personales, el riesgo potencial de da\u00f1o derivado de un uso o divulgaci\u00f3n no autorizados, los fines para los que procesamos tus datos y los requisitos legales aplicables.<\/p>\n\n\n\n<h2 class=\"gb-text\">6. Divulgaci\u00f3n de tus datos personales<\/h2>\n\n\n\n<p class=\"gb-text\">No vendemos tus datos personales a terceros. Es posible que tengamos que compartir tus datos personales con las partes indicadas a continuaci\u00f3n para los fines enumerados en la tabla de la secci\u00f3n 4: <\/p>\n\n\n\n<ul class=\"wp-block-list\">\n<li><strong>Proveedores de servicios:<\/strong> Empresas de terceros que prestan servicios en nuestro nombre, como procesamiento de pagos, an\u00e1lisis de datos, env\u00edo de correo electr\u00f3nico, servicios de alojamiento y atenci\u00f3n al cliente.<\/li>\n\n\n\n<li><strong>Asesores profesionales:<\/strong> Incluidos abogados, banqueros, auditores y aseguradores que prestan servicios de consultor\u00eda, bancarios, jur\u00eddicos, de seguros y de contabilidad.<\/li>\n\n\n\n<li><strong>Autoridades p\u00fablicas y gubernamentales:<\/strong> Entidades que nos obligan a informar sobre actividades de tratamiento en determinadas circunstancias o para cumplir una obligaci\u00f3n legal.<\/li>\n<\/ul>\n\n\n\n<p class=\"gb-text\">Exigimos a todos los terceros que respeten la seguridad de tus datos personales y que los traten de acuerdo con la ley.<\/p>\n\n\n\n<h2 class=\"gb-text\">7. Transferencias internacionales<\/h2>\n\n\n\n<p class=\"gb-text\">Algunos de nuestros terceros externos pueden tener su sede fuera del Espacio Econ\u00f3mico Europeo (EEE), por lo que su tratamiento de tus datos personales implicar\u00e1 una transferencia de datos fuera del EEE.<\/p>\n\n\n\n<p class=\"gb-text\">Siempre que transferimos tus datos personales fuera del EEE, garantizamos un grado similar de protecci\u00f3n de los mismos, asegur\u00e1ndonos de que se aplica al menos una de las siguientes garant\u00edas:<\/p>\n\n\n\n<ul class=\"wp-block-list\">\n<li>Transferir a pa\u00edses que la Comisi\u00f3n Europea ha considerado que ofrecen un nivel adecuado de protecci\u00f3n de los datos personales.<\/li>\n\n\n\n<li>Utilizando contratos espec\u00edficos aprobados por la Comisi\u00f3n Europea que otorgan a los datos personales la misma protecci\u00f3n que tienen en Europa (Cl\u00e1usulas Contractuales Tipo).<\/li>\n<\/ul>\n\n\n\n<h2 class=\"gb-text\">8. Tus derechos de protecci\u00f3n de datos<\/h2>\n\n\n\n<p class=\"gb-text\">Seg\u00fan la legislaci\u00f3n espa\u00f1ola y comunitaria sobre protecci\u00f3n de datos, tienes derechos sobre tus datos personales. Seg\u00fan establece <strong>el art\u00edculo 12 de la Ley Org\u00e1nica de Protecci\u00f3n de Datos Personales y Garant\u00eda de los Derechos Digitales<\/strong>, tienes derecho a: <\/p>\n\n\n\n<ul class=\"wp-block-list\">\n<li><strong>Solicitar acceso<\/strong> a tus datos personales.<\/li>\n\n\n\n<li><strong>Solicitar la correcci\u00f3n<\/strong> de los datos personales que tenemos sobre ti.<\/li>\n\n\n\n<li><strong>Solicitar la eliminaci\u00f3n<\/strong> de tus datos personales.<\/li>\n\n\n\n<li><strong>Oponerte al tratamiento de<\/strong> tus datos personales cuando nos basemos en un inter\u00e9s leg\u00edtimo.<\/li>\n\n\n\n<li><strong>Solicitar la restricci\u00f3n del tratamiento de<\/strong> tus datos personales.<\/li>\n\n\n\n<li><strong>Solicitar la transferencia<\/strong> de tus datos personales a ti o a un tercero (portabilidad de datos).<\/li>\n\n\n\n<li><strong>Retirar el consentimiento en cualquier momento<\/strong> cuando nos basemos en el consentimiento para procesar tus datos personales.<br\/><\/li>\n<\/ul>\n\n\n\n<h2 class=\"gb-text\">9. C\u00f3mo ejercer tus derechos<\/h2>\n\n\n\n<p class=\"gb-text\">Para ejercer cualquiera de los derechos mencionados anteriormente, ponte en contacto con nosotros en <a href=\"mailto:info@infinity-effects.es\">info@infinity-effects.es.<\/a><\/p>\n\n\n\n<p class=\"gb-text\">Es posible que necesitemos solicitarte informaci\u00f3n espec\u00edfica para ayudarnos a confirmar tu identidad y garantizar tu derecho a acceder a tus datos personales (o a ejercer cualquiera de tus otros derechos). Se trata de una medida de seguridad para garantizar que los datos personales no se revelen a ninguna persona que no tenga derecho a recibirlos. <\/p>\n\n\n\n<p class=\"gb-text\">Tambi\u00e9n tienes derecho a presentar una reclamaci\u00f3n ante la Agencia Espa\u00f1ola de Protecci\u00f3n de Datos (AEPD) si crees que se han vulnerado tus derechos. Puedes encontrar m\u00e1s informaci\u00f3n en su sitio web: <a href=\"http:\/\/www.aepd.es\/\" target=\"_blank\" rel=\"noreferrer noopener\">www.aepd.es.<\/a> <\/p>\n\n\n\n<h2 class=\"gb-text\">10. Seguridad de los datos<\/h2>\n\n\n\n<p class=\"gb-text\">De conformidad con el <strong>art\u00edculo 28 de la Ley Org\u00e1nica de Protecci\u00f3n de Datos de Car\u00e1cter Personal y Garant\u00eda de los Derechos Digitales<\/strong>, hemos establecido medidas de seguridad t\u00e9cnicas y organizativas apropiadas para evitar que tus datos personales se pierdan accidentalmente, se utilicen o se acceda a ellos de forma no autorizada, se alteren o se divulguen.<\/p>\n\n\n\n<h2 class=\"gb-text\">11. Cambios en esta Pol\u00edtica de Privacidad<\/h2>\n\n\n\n<p class=\"gb-text\">Podemos actualizar esta pol\u00edtica de privacidad de vez en cuando. Te notificaremos cualquier cambio publicando la nueva pol\u00edtica de privacidad en esta p\u00e1gina. Te animamos a que revises peri\u00f3dicamente esta Pol\u00edtica de Privacidad para comprobar si se ha producido alg\u00fan cambio.  <\/p>\n\n\n\n<h2 class=\"gb-text\">12. Contacta con nosotros<\/h2>\n\n\n\n<p class=\"gb-text\">Si tienes alguna pregunta sobre esta Pol\u00edtica de Privacidad o sobre nuestras pr\u00e1cticas de privacidad, ponte en contacto con nosotros en  <code><a href=\"mailto:info@infinity-effects.es\">info@infinity-effects.es<\/a><\/code><br><\/p>\n<\/div>\n","protected":false},"excerpt":{"rendered":"<p>Pol\u00edtica de privacidad Fecha de actualizaci\u00f3n: 18\/02\/2026 1. Introducci\u00f3n Bienvenido a . Tu privacidad es muy importante para nosotrosInfinity Effects. Infinity Effects Spain S.L (\u00abnosotros\u00bb, \u00abnos\u00bb o \u00abnuestro\u00bb) se compromete a proteger tus datos personales y a respetar tu privacidad. Esta Pol\u00edtica de Privacidad explica c\u00f3mo recogemos, utilizamos, almacenamos y protegemos tus datos personales cuando &#8230; <a title=\"Pol\u00edtica de privacidad\" class=\"read-more\" href=\"https:\/\/infinityeffects.es\/es\/politica-de-privacidad\/\" aria-label=\"Leer m\u00e1s sobre Pol\u00edtica de privacidad\">Leer m\u00e1s<\/a><\/p>\n","protected":false},"author":1,"featured_media":0,"parent":0,"menu_order":0,"comment_status":"closed","ping_status":"open","template":"","meta":{"footnotes":""},"class_list":["post-1614","page","type-page","status-publish"],"_hostinger_reach_plugin_has_subscription_block":false,"_hostinger_reach_plugin_is_elementor":false,"_links":{"self":[{"href":"https:\/\/infinityeffects.es\/es\/wp-json\/wp\/v2\/pages\/1614","targetHints":{"allow":["GET"]}}],"collection":[{"href":"https:\/\/infinityeffects.es\/es\/wp-json\/wp\/v2\/pages"}],"about":[{"href":"https:\/\/infinityeffects.es\/es\/wp-json\/wp\/v2\/types\/page"}],"author":[{"embeddable":true,"href":"https:\/\/infinityeffects.es\/es\/wp-json\/wp\/v2\/users\/1"}],"replies":[{"embeddable":true,"href":"https:\/\/infinityeffects.es\/es\/wp-json\/wp\/v2\/comments?post=1614"}],"version-history":[{"count":1,"href":"https:\/\/infinityeffects.es\/es\/wp-json\/wp\/v2\/pages\/1614\/revisions"}],"predecessor-version":[{"id":1615,"href":"https:\/\/infinityeffects.es\/es\/wp-json\/wp\/v2\/pages\/1614\/revisions\/1615"}],"wp:attachment":[{"href":"https:\/\/infinityeffects.es\/es\/wp-json\/wp\/v2\/media?parent=1614"}],"curies":[{"name":"wp","href":"https:\/\/api.w.org\/{rel}","templated":true}]}}